{"id":29137,"date":"2025-10-28T11:20:26","date_gmt":"2025-10-28T10:20:26","guid":{"rendered":"https:\/\/rivuswatch.com\/?page_id=29137"},"modified":"2025-10-28T21:23:09","modified_gmt":"2025-10-28T20:23:09","slug":"elementor-29137","status":"publish","type":"page","link":"https:\/\/rivuswatch.com\/en\/elementor-29137\/","title":{"rendered":"Jak pracujeme?"},"content":{"rendered":"<div data-elementor-type=\"wp-page\" data-elementor-id=\"29137\" class=\"elementor elementor-29137\">\n\t\t\t\t<div class=\"wd-negative-gap elementor-element elementor-element-843c12f e-flex e-con-boxed e-con e-parent\" data-id=\"843c12f\" data-element_type=\"container\" data-e-type=\"container\">\n\t\t\t\t\t<div class=\"e-con-inner\">\n\t\t\t\t<div class=\"elementor-element elementor-element-61b35fc elementor-widget elementor-widget-wd_text_block\" data-id=\"61b35fc\" data-element_type=\"widget\" data-e-type=\"widget\" data-widget_type=\"wd_text_block.default\">\n\t\t\t\t<div class=\"elementor-widget-container\">\n\t\t\t\t\t\t\t<div class=\"wd-text-block reset-last-child text-left\">\n\t\t\t\n\t\t\t<h1 style=\"text-align: center;\">Making watches with soul, precision, and vision<\/h1>\n\t\t\t\t\t<\/div>\n\t\t\t\t\t\t<\/div>\n\t\t\t\t<\/div>\n\t\t\t\t<div class=\"elementor-element elementor-element-26eb3f8 elementor-widget elementor-widget-wd_text_block\" data-id=\"26eb3f8\" data-element_type=\"widget\" data-e-type=\"widget\" data-widget_type=\"wd_text_block.default\">\n\t\t\t\t<div class=\"elementor-widget-container\">\n\t\t\t\t\t\t\t<div class=\"wd-text-block reset-last-child text-left\">\n\t\t\t\n\t\t\t<p style=\"text-align: center;\">We combine traditional watchmaking craftsmanship, Swiss technology, and exceptional materials\u2014including genuine meteorite\u2014to offer unique watches for those who seek more than just a way to measure time.<\/p>\n\t\t\t\t\t<\/div>\n\t\t\t\t\t\t<\/div>\n\t\t\t\t<\/div>\n\t\t<div class=\"elementor-element elementor-element-18073d7 e-grid e-con-full e-con e-child\" data-id=\"18073d7\" data-element_type=\"container\" data-e-type=\"container\">\n\t\t\t\t<div class=\"elementor-element elementor-element-932cd8a elementor-widget elementor-widget-wd_text_block\" data-id=\"932cd8a\" data-element_type=\"widget\" data-e-type=\"widget\" data-widget_type=\"wd_text_block.default\">\n\t\t\t\t<div class=\"elementor-widget-container\">\n\t\t\t\t\t\t\t<div class=\"wd-text-block reset-last-child text-left\">\n\t\t\t\n\t\t\t<h3 class=\"wp-block-heading has-text-align-left is-style-asterisk has-body-font-family has-medium-font-size\"><strong>Meteorite dial<\/strong><\/h3><p><!-- \/wp:heading --> <!-- wp:paragraph {\"align\":\"left\"} --><\/p><p class=\"has-text-align-left\">We use exceptional materials such as meteorite dials and precious metals. Each model is therefore not only <strong>a high-quality watch, but also an investment and a collector's item.<\/strong><\/p><p><!-- \/wp:paragraph --><\/p>\n\t\t\t\t\t<\/div>\n\t\t\t\t\t\t<\/div>\n\t\t\t\t<\/div>\n\t\t\t\t<div class=\"elementor-element elementor-element-dd4a9bc elementor-widget elementor-widget-wd_text_block\" data-id=\"dd4a9bc\" data-element_type=\"widget\" data-e-type=\"widget\" data-widget_type=\"wd_text_block.default\">\n\t\t\t\t<div class=\"elementor-widget-container\">\n\t\t\t\t\t\t\t<div class=\"wd-text-block reset-last-child text-left\">\n\t\t\t\n\t\t\t<h3 class=\"wp-block-heading has-text-align-left is-style-asterisk has-body-font-family has-medium-font-size\"><strong>Precise handcrafting<\/strong><\/h3>\n<p><!-- \/wp:heading --><!-- wp:paragraph {\"align\":\"left\"} --><\/p>\n<p class=\"has-text-align-left\">Each of our watches is crafted by our watchmaker. We believe in traditional craftsmanship, meticulousness, and attention to detail. The result is <strong>handcrafted watches with soul.<\/strong><\/p>\n<p><!-- \/wp:paragraph --><\/p>\n\n\t\t\t\t\t<\/div>\n\t\t\t\t\t\t<\/div>\n\t\t\t\t<\/div>\n\t\t\t\t<div class=\"elementor-element elementor-element-118c3ab elementor-widget elementor-widget-wd_text_block\" data-id=\"118c3ab\" data-element_type=\"widget\" data-e-type=\"widget\" data-widget_type=\"wd_text_block.default\">\n\t\t\t\t<div class=\"elementor-widget-container\">\n\t\t\t\t\t\t\t<div class=\"wd-text-block reset-last-child text-left\">\n\t\t\t\n\t\t\t<h3 class=\"wp-block-heading has-text-align-left is-style-asterisk has-body-font-family has-medium-font-size\"><strong>Timeless design<\/strong><\/h3>\n<p><!-- \/wp:heading --><!-- wp:paragraph {\"align\":\"left\"} --><\/p>\n<p class=\"has-text-align-left\">Minimalism, elegance, and a sense of proportion\u2014our designer watches are characterized by clean lines that <strong>p\u0159ekon\u00e1vaj\u00ed trendy i \u010das<\/strong>.<\/p>\n<p><!-- \/wp:paragraph --><\/p>\n\n\t\t\t\t\t<\/div>\n\t\t\t\t\t\t<\/div>\n\t\t\t\t<\/div>\n\t\t\t\t<div class=\"elementor-element elementor-element-4854379 elementor-widget elementor-widget-wd_text_block\" data-id=\"4854379\" data-element_type=\"widget\" data-e-type=\"widget\" data-widget_type=\"wd_text_block.default\">\n\t\t\t\t<div class=\"elementor-widget-container\">\n\t\t\t\t\t\t\t<div class=\"wd-text-block reset-last-child text-left\">\n\t\t\t\n\t\t\t<p><!-- wp:heading {\"textAlign\":\"left\",\"level\":3,\"className\":\"is-style-asterisk\",\"style\":{\"typography\":{\"fontStyle\":\"normal\",\"fontWeight\":\"600\"}},\"fontSize\":\"medium\",\"fontFamily\":\"body\"} --><\/p><h3 class=\"wp-block-heading has-text-align-left is-style-asterisk has-body-font-family has-medium-font-size\"><strong>Hand-stitched straps<\/strong><\/h3><p><!-- \/wp:heading --> <!-- wp:paragraph {\"align\":\"left\"} --><\/p><p class=\"has-text-align-left\">Each strap is made of high-quality leather, which ensures not only style, but above all exceptional <strong>komfort p\u0159i no\u0161en\u00ed<\/strong>.<\/p><p><!-- \/wp:paragraph --><\/p>\n\t\t\t\t\t<\/div>\n\t\t\t\t\t\t<\/div>\n\t\t\t\t<\/div>\n\t\t\t\t<div class=\"elementor-element elementor-element-4523183 elementor-widget elementor-widget-wd_text_block\" data-id=\"4523183\" data-element_type=\"widget\" data-e-type=\"widget\" data-widget_type=\"wd_text_block.default\">\n\t\t\t\t<div class=\"elementor-widget-container\">\n\t\t\t\t\t\t\t<div class=\"wd-text-block reset-last-child text-left\">\n\t\t\t\n\t\t\t<p><!-- wp:heading {\"textAlign\":\"left\",\"level\":3,\"className\":\"is-style-asterisk\",\"style\":{\"typography\":{\"fontStyle\":\"normal\",\"fontWeight\":\"600\"}},\"fontSize\":\"medium\",\"fontFamily\":\"body\"} --><\/p><h3 class=\"wp-block-heading has-text-align-left is-style-asterisk has-body-font-family has-medium-font-size\"><strong>Swiss precision<\/strong><\/h3><p><!-- \/wp:heading --> <!-- wp:paragraph {\"align\":\"left\"} --><\/p><p class=\"has-text-align-left\">Our watches are powered by Swiss movements \u2013 <strong>z\u00e1ruka spolehlivosti, p\u0159esnosti a technick\u00e9 dokonalosti<\/strong>.<\/p><p><!-- \/wp:paragraph --><\/p>\n\t\t\t\t\t<\/div>\n\t\t\t\t\t\t<\/div>\n\t\t\t\t<\/div>\n\t\t\t\t<div class=\"elementor-element elementor-element-4a6ba68 elementor-widget elementor-widget-wd_text_block\" data-id=\"4a6ba68\" data-element_type=\"widget\" data-e-type=\"widget\" data-widget_type=\"wd_text_block.default\">\n\t\t\t\t<div class=\"elementor-widget-container\">\n\t\t\t\t\t\t\t<div class=\"wd-text-block reset-last-child text-left\">\n\t\t\t\n\t\t\t<h3 class=\"wp-block-heading has-text-align-left is-style-asterisk has-body-font-family has-medium-font-size\"><strong>The automatic movement at the heart of the watch<\/strong><\/h3><p><!-- \/wp:heading --> <!-- wp:paragraph {\"align\":\"left\"} --><\/p><p class=\"has-text-align-left\">Na\u0161im hodink\u00e1m tepe v t\u011ble automatick\u00fd strojek \u2013 srdce, kter\u00e9 uv\u00e1d\u00ed ru\u010di\u010dky do pohybu<strong> s ka\u017ed\u00fdm va\u0161\u00edm krokem<\/strong>.<\/p><p><!-- \/wp:paragraph --><\/p>\n\t\t\t\t\t<\/div>\n\t\t\t\t\t\t<\/div>\n\t\t\t\t<\/div>\n\t\t\t\t<\/div>\n\t\t\t\t\t<\/div>\n\t\t\t\t<\/div>\n\t\t<div class=\"wd-negative-gap elementor-element elementor-element-b83cd42 e-flex e-con-boxed e-con e-parent\" data-id=\"b83cd42\" data-element_type=\"container\" data-e-type=\"container\">\n\t\t\t\t\t<div class=\"e-con-inner\">\n\t\t\t\t\t<\/div>\n\t\t\t\t<\/div>\n\t\t<div class=\"wd-negative-gap elementor-element elementor-element-90ce617 e-flex e-con-boxed e-con e-parent\" data-id=\"90ce617\" data-element_type=\"container\" data-e-type=\"container\">\n\t\t\t\t\t<div class=\"e-con-inner\">\n\t\t\t\t<div class=\"elementor-element elementor-element-bd756de elementor-widget elementor-widget-wd_text_block\" data-id=\"bd756de\" data-element_type=\"widget\" data-e-type=\"widget\" data-widget_type=\"wd_text_block.default\">\n\t\t\t\t<div class=\"elementor-widget-container\">\n\t\t\t\t\t\t\t<div class=\"wd-text-block reset-last-child text-left\">\n\t\t\t\n\t\t\t<h1 style=\"text-align: center;\">Meteorites as a material of the past and your future<\/h1>\n\t\t\t\t\t<\/div>\n\t\t\t\t\t\t<\/div>\n\t\t\t\t<\/div>\n\t\t\t\t\t<\/div>\n\t\t\t\t<\/div>\n\t\t<div class=\"wd-negative-gap elementor-element elementor-element-5065d43 e-flex e-con-boxed e-con e-parent\" data-id=\"5065d43\" data-element_type=\"container\" data-e-type=\"container\">\n\t\t\t\t\t<div class=\"e-con-inner\">\n\t\t\t\t<div class=\"elementor-element elementor-element-bdd3ee3 elementor-widget elementor-widget-wd_text_block\" data-id=\"bdd3ee3\" data-element_type=\"widget\" data-e-type=\"widget\" data-widget_type=\"wd_text_block.default\">\n\t\t\t\t<div class=\"elementor-widget-container\">\n\t\t\t\t\t\t\t<div class=\"wd-text-block reset-last-child text-left\">\n\t\t\t\n\t\t\t<p style=\"text-align: center;\">As one of the few manufacturers in the world, we offer you unique meteorite dials.<\/p>\n\t\t\t\t\t<\/div>\n\t\t\t\t\t\t<\/div>\n\t\t\t\t<\/div>\n\t\t<div class=\"wd-negative-gap elementor-element elementor-element-d13bffa e-flex e-con-boxed e-con e-child\" data-id=\"d13bffa\" data-element_type=\"container\" data-e-type=\"container\">\n\t\t\t\t\t<div class=\"e-con-inner\">\n\t\t\t\t\t<\/div>\n\t\t\t\t<\/div>\n\t\t\t\t\t<\/div>\n\t\t\t\t<\/div>\n\t\t<div class=\"wd-negative-gap elementor-element elementor-element-6f65790 e-flex e-con-boxed e-con e-parent\" data-id=\"6f65790\" data-element_type=\"container\" data-e-type=\"container\">\n\t\t\t\t\t<div class=\"e-con-inner\">\n\t\t<div class=\"elementor-element elementor-element-866d9aa e-con-full e-flex e-con e-child\" data-id=\"866d9aa\" data-element_type=\"container\" data-e-type=\"container\">\n\t\t\t\t<div class=\"elementor-element elementor-element-c3145af elementor-widget elementor-widget-wd_text_block\" data-id=\"c3145af\" data-element_type=\"widget\" data-e-type=\"widget\" data-widget_type=\"wd_text_block.default\">\n\t\t\t\t<div class=\"elementor-widget-container\">\n\t\t\t\t\t\t\t<div class=\"wd-text-block reset-last-child text-left\">\n\t\t\t\n\t\t\t<h3 class=\"wp-block-heading is-style-asterisk\">Meteorite<\/h3><p><!-- \/wp:heading --> <!-- wp:list {\"className\":\"is-style-checkmark-list\",\"style\":{\"typography\":{\"lineHeight\":\"1.75\"}}} --><\/p><ul class=\"wp-block-list is-style-checkmark-list\"><li style=\"list-style-type: none;\"><ul class=\"wp-block-list is-style-checkmark-list\"><!-- wp:list-item --><li>from the depths of space<\/li><\/ul><\/li><\/ul><p><!-- \/wp:list-item --> <!-- wp:list-item --><\/p><ul class=\"wp-block-list is-style-checkmark-list\"><li style=\"list-style-type: none;\"><ul class=\"wp-block-list is-style-checkmark-list\"><li>each piece is unique<\/li><\/ul><\/li><\/ul><p><!-- \/wp:list-item --> <!-- wp:list-item --><\/p><ul class=\"wp-block-list is-style-checkmark-list\"><li style=\"list-style-type: none;\"><ul class=\"wp-block-list is-style-checkmark-list\"><li>with a certificate of authenticity<\/li><\/ul><\/li><\/ul><p><!-- \/wp:list-item --><\/p><p><!-- \/wp:list --><\/p>\n\t\t\t\t\t<\/div>\n\t\t\t\t\t\t<\/div>\n\t\t\t\t<\/div>\n\t\t\t\t<\/div>\n\t\t\t\t<div class=\"elementor-element elementor-element-25e5179 elementor-widget elementor-widget-wd_image_or_svg\" data-id=\"25e5179\" data-element_type=\"widget\" data-e-type=\"widget\" data-widget_type=\"wd_image_or_svg.default\">\n\t\t\t\t<div class=\"elementor-widget-container\">\n\t\t\t\t\t\n\t\t<div class=\"wd-image text-left\">\n\t\t\t\t\t\t\t\t<img loading=\"lazy\" decoding=\"async\" width=\"1536\" height=\"1024\" src=\"https:\/\/rivuswatch.com\/wp-content\/uploads\/2025\/10\/20251002_1506_Stone-on-Table_remix_01k6jgc6bzes9sqqg4bx3hh50w-1.png\" class=\"attachment-full size-full\" alt=\"\" srcset=\"https:\/\/rivuswatch.com\/wp-content\/uploads\/2025\/10\/20251002_1506_Stone-on-Table_remix_01k6jgc6bzes9sqqg4bx3hh50w-1.png 1536w, https:\/\/rivuswatch.com\/wp-content\/uploads\/2025\/10\/20251002_1506_Stone-on-Table_remix_01k6jgc6bzes9sqqg4bx3hh50w-1-150x100.png 150w, https:\/\/rivuswatch.com\/wp-content\/uploads\/2025\/10\/20251002_1506_Stone-on-Table_remix_01k6jgc6bzes9sqqg4bx3hh50w-1-700x467.png 700w, https:\/\/rivuswatch.com\/wp-content\/uploads\/2025\/10\/20251002_1506_Stone-on-Table_remix_01k6jgc6bzes9sqqg4bx3hh50w-1-300x200.png 300w, https:\/\/rivuswatch.com\/wp-content\/uploads\/2025\/10\/20251002_1506_Stone-on-Table_remix_01k6jgc6bzes9sqqg4bx3hh50w-1-1024x683.png 1024w, https:\/\/rivuswatch.com\/wp-content\/uploads\/2025\/10\/20251002_1506_Stone-on-Table_remix_01k6jgc6bzes9sqqg4bx3hh50w-1-768x512.png 768w\" sizes=\"auto, (max-width: 1536px) 100vw, 1536px\" \/>\t\t\t\t\t<\/div>\n\n\t\t\t\t\t\t<\/div>\n\t\t\t\t<\/div>\n\t\t\t\t\t<\/div>\n\t\t\t\t<\/div>\n\t\t\t\t<\/div>","protected":false},"excerpt":{"rendered":"<p>V\u00fdroba hodinek s du\u0161\u00ed, p\u0159esnost\u00ed a viz\u00ed Spojujeme tradi\u010dn\u00ed hodin\u00e1\u0159sk\u00e9 \u0159emeslo, \u0161v\u00fdcarskou technologii a v\u00fdjime\u010dn\u00e9 materi\u00e1ly \u2013 v\u010detn\u011b prav\u00e9ho meteoritu<\/p>","protected":false},"author":2,"featured_media":0,"parent":0,"menu_order":0,"comment_status":"closed","ping_status":"closed","template":"elementor_header_footer","meta":{"footnotes":""},"class_list":["post-29137","page","type-page","status-publish","hentry"],"_links":{"self":[{"href":"https:\/\/rivuswatch.com\/en\/wp-json\/wp\/v2\/pages\/29137","targetHints":{"allow":["GET"]}}],"collection":[{"href":"https:\/\/rivuswatch.com\/en\/wp-json\/wp\/v2\/pages"}],"about":[{"href":"https:\/\/rivuswatch.com\/en\/wp-json\/wp\/v2\/types\/page"}],"author":[{"embeddable":true,"href":"https:\/\/rivuswatch.com\/en\/wp-json\/wp\/v2\/users\/2"}],"replies":[{"embeddable":true,"href":"https:\/\/rivuswatch.com\/en\/wp-json\/wp\/v2\/comments?post=29137"}],"version-history":[{"count":10,"href":"https:\/\/rivuswatch.com\/en\/wp-json\/wp\/v2\/pages\/29137\/revisions"}],"predecessor-version":[{"id":29202,"href":"https:\/\/rivuswatch.com\/en\/wp-json\/wp\/v2\/pages\/29137\/revisions\/29202"}],"wp:attachment":[{"href":"https:\/\/rivuswatch.com\/en\/wp-json\/wp\/v2\/media?parent=29137"}],"curies":[{"name":"wp","href":"https:\/\/api.w.org\/{rel}","templated":true}]}}