{"id":29163,"date":"2025-10-28T16:06:41","date_gmt":"2025-10-28T15:06:41","guid":{"rendered":"https:\/\/rivuswatch.com\/?page_id=29163"},"modified":"2025-10-28T16:07:15","modified_gmt":"2025-10-28T15:07:15","slug":"obchodni-podminky","status":"publish","type":"page","link":"https:\/\/rivuswatch.com\/en\/obchodni-podminky\/","title":{"rendered":"Terms and Conditions"},"content":{"rendered":"<div data-elementor-type=\"wp-page\" data-elementor-id=\"29163\" class=\"elementor elementor-29163\">\n\t\t\t\t<div class=\"wd-negative-gap elementor-element elementor-element-a2c12ab e-flex e-con-boxed e-con e-parent\" data-id=\"a2c12ab\" data-element_type=\"container\" data-e-type=\"container\">\n\t\t\t\t\t<div class=\"e-con-inner\">\n\t\t\t\t<div class=\"elementor-element elementor-element-75b0849 elementor-widget elementor-widget-wd_text_block\" data-id=\"75b0849\" data-element_type=\"widget\" data-e-type=\"widget\" data-widget_type=\"wd_text_block.default\">\n\t\t\t\t<div class=\"elementor-widget-container\">\n\t\t\t\t\t\t\t<div class=\"wd-text-block reset-last-child text-left\">\n\t\t\t\n\t\t\t<p><strong>\ud83c\udde8\ud83c\uddff **V\u0160EOBECN\u00c9 OBCHODN\u00cd PODM\u00cdNKY<\/strong><\/p><p>spole\u010dnosti Rivus watch s.r.o.,<br \/><em>(\u00fa\u010dinn\u00e9 od 1. listopadu 2025)<\/em><\/p><ol><li><strong> \u00daVODN\u00cd USTANOVEN\u00cd<\/strong><\/li><\/ol><ol><li>Tyto v\u0161eobecn\u00e9 obchodn\u00ed podm\u00ednky (d\u00e1le jen \u201e<strong>obchodn\u00ed podm\u00ednky<\/strong>\u201c) obchodn\u00ed spole\u010dnosti <strong>Rivus watch s.r.o.<\/strong>, se s\u00eddlem P\u0159emyslovc\u016f 992\/52, Mari\u00e1nsk\u00e9 Hory, 709 00 Ostrava, I\u010cO: 23616105 (d\u00e1le jen \u201e<strong>prod\u00e1vaj\u00edc\u00ed<\/strong>\u201c), upravuj\u00ed v souladu s ustanoven\u00edm \u00a7 1751 odst. 1 z\u00e1kona \u010d. 89\/2012 Sb., ob\u010dansk\u00fd z\u00e1kon\u00edk, ve zn\u011bn\u00ed pozd\u011bj\u0161\u00edch p\u0159edpis\u016f (d\u00e1le jen \u201e<strong>ob\u010dansk\u00fd z\u00e1kon\u00edk<\/strong>\u201c), vz\u00e1jemn\u00e1 pr\u00e1va a povinnosti smluvn\u00edch stran vznikl\u00e9 v souvislosti nebo na z\u00e1klad\u011b kupn\u00ed smlouvy uzav\u00edran\u00e9 mezi prod\u00e1vaj\u00edc\u00edm a fyzickou osobou \u2013 spot\u0159ebitelem (d\u00e1le jen \u201e<strong>kupuj\u00edc\u00ed<\/strong>\u201c) prost\u0159ednictv\u00edm internetov\u00e9ho obchodu prod\u00e1vaj\u00edc\u00edho um\u00edst\u011bn\u00e9ho na webov\u00e9 adrese <a href=\"https:\/\/rivuswatch.com\/en\/\">www.rivuswatch.com<\/a> (d\u00e1le jen \u201e<strong>webov\u00e1 str\u00e1nka<\/strong>\u201c).<\/li><li>Tyto obchodn\u00ed podm\u00ednky se nevztahuj\u00ed na p\u0159\u00edpady, kdy osoba, kter\u00e1 m\u00e1 v \u00famyslu nakoupit zbo\u017e\u00ed od prod\u00e1vaj\u00edc\u00edho, jedn\u00e1 p\u0159i uzav\u00edr\u00e1n\u00ed smlouvy v r\u00e1mci sv\u00e9 podnikatelsk\u00e9 \u010dinnosti nebo samostatn\u00e9ho v\u00fdkonu povol\u00e1n\u00ed.<\/li><li>Ustanoven\u00ed odchyln\u00e1 od t\u011bchto obchodn\u00edch podm\u00ednek lze sjednat v kupn\u00ed smlouv\u011b. Odchyln\u00e1 ujedn\u00e1n\u00ed maj\u00ed p\u0159ednost p\u0159ed t\u011bmito obchodn\u00edmi podm\u00ednkami.<\/li><li>Zn\u011bn\u00ed obchodn\u00edch podm\u00ednek m\u016f\u017ee prod\u00e1vaj\u00edc\u00ed jednostrann\u011b m\u011bnit \u010di dopl\u0148ovat; pro konkr\u00e9tn\u00ed smluvn\u00ed vztah je rozhoduj\u00edc\u00ed zn\u011bn\u00ed \u00fa\u010dinn\u00e9 v okam\u017eiku uzav\u0159en\u00ed kupn\u00ed smlouvy.<\/li><li>Tyto obchodn\u00ed podm\u00ednky jsou vyhotoveny v \u010desk\u00e9m a anglick\u00e9m jazyce. V p\u0159\u00edpad\u011b rozporu je rozhoduj\u00edc\u00ed \u010desk\u00e9 zn\u011bn\u00ed.<\/li><li>Prod\u00e1vaj\u00edc\u00ed umo\u017e\u0148uje uzav\u0159en\u00ed kupn\u00ed smlouvy pouze v \u010desk\u00e9m nebo anglick\u00e9m jazyce a v m\u011bn\u00e1ch CZK nebo EUR.<\/li><\/ol><ol><li><strong> U\u017dIVATELSK\u00dd \u00da\u010cET<\/strong><\/li><\/ol><ol><li>Kupuj\u00edc\u00ed m\u016f\u017ee na webov\u00e9 str\u00e1nce prov\u00e9st registraci a z\u00edskat p\u0159\u00edstup do u\u017eivatelsk\u00e9ho rozhran\u00ed, prost\u0159ednictv\u00edm n\u011bho\u017e m\u016f\u017ee objedn\u00e1vat zbo\u017e\u00ed (d\u00e1le jen \u201e<strong>u\u017eivatelsk\u00fd \u00fa\u010det<\/strong>\u201c). Objedn\u00e1vku lze u\u010dinit i bez registrace.<\/li><li>P\u0159i registraci i p\u0159i objedn\u00e1v\u00e1n\u00ed zbo\u017e\u00ed je kupuj\u00edc\u00ed povinen uv\u00e1d\u011bt pravdiv\u00e9 a \u00fapln\u00e9 \u00fadaje. Tyto \u00fadaje je povinen v p\u0159\u00edpad\u011b zm\u011bny aktualizovat.<\/li><li>Kupuj\u00edc\u00ed je povinen zachov\u00e1vat ml\u010denlivost ohledn\u011b informac\u00ed pot\u0159ebn\u00fdch k p\u0159\u00edstupu do u\u017eivatelsk\u00e9ho \u00fa\u010dtu a nen\u00ed opr\u00e1vn\u011bn umo\u017enit jeho vyu\u017e\u00edv\u00e1n\u00ed t\u0159et\u00edm osob\u00e1m.<\/li><li>Prod\u00e1vaj\u00edc\u00ed je opr\u00e1vn\u011bn zru\u0161it u\u017eivatelsk\u00fd \u00fa\u010det v p\u0159\u00edpad\u011b, \u017ee jej kupuj\u00edc\u00ed nevyu\u017e\u00edv\u00e1 d\u00e9le ne\u017e 6 m\u011bs\u00edc\u016f, nebo poru\u0161\u00ed sv\u00e9 povinnosti vypl\u00fdvaj\u00edc\u00ed z kupn\u00ed smlouvy \u010di t\u011bchto obchodn\u00edch podm\u00ednek. Kupuj\u00edc\u00ed m\u016f\u017ee po\u017e\u00e1dat o zru\u0161en\u00ed sv\u00e9ho u\u017eivatelsk\u00e9ho \u00fa\u010dtu Prod\u00e1vaj\u00edc\u00edho, a to kontaktov\u00e1n\u00edm Prod\u00e1vaj\u00edc\u00edho s\u00a0uveden\u00edm tohoto po\u017eadavku.<\/li><\/ol><p><strong>III. UZAV\u0158EN\u00cd KUPN\u00cd SMLOUVY<\/strong><\/p><ol><li>Ve\u0161ker\u00e1 prezentace zbo\u017e\u00ed um\u00edst\u011bn\u00e1 na webov\u00e9 str\u00e1nce m\u00e1 informativn\u00ed charakter a prod\u00e1vaj\u00edc\u00ed nen\u00ed povinen uzav\u0159\u00edt kupn\u00ed smlouvu ohledn\u011b tohoto zbo\u017e\u00ed (\u00a7 1732 odst. 2 ob\u010dansk\u00e9ho z\u00e1kon\u00edku se nepou\u017eije).<\/li><li>Kupuj\u00edc\u00ed provede objedn\u00e1vku vypln\u011bn\u00edm objedn\u00e1vkov\u00e9ho formul\u00e1\u0159e. P\u0159ed odesl\u00e1n\u00edm objedn\u00e1vky m\u00e1 mo\u017enost zkontrolovat a m\u011bnit sv\u00e9 \u00fadaje. Odesl\u00e1n\u00edm objedn\u00e1vky kliknut\u00edm na tla\u010d\u00edtko ozna\u010den\u00e9 \u201eObjednat a zaplatit\u201c kupuj\u00edc\u00ed potvrzuje, \u017ee se sezn\u00e1mil s t\u011bmito obchodn\u00edmi podm\u00ednkami a souhlas\u00ed s nimi.<\/li><li>Prod\u00e1vaj\u00edc\u00ed neprodlen\u011b po obdr\u017een\u00ed objedn\u00e1vky potvrd\u00ed jej\u00ed p\u0159ijet\u00ed elektronickou po\u0161tou na adresu kupuj\u00edc\u00edho. Smluvn\u00ed vztah vznik\u00e1 doru\u010den\u00edm potvrzen\u00ed objedn\u00e1vky kupuj\u00edc\u00edmu.<\/li><li>Kupuj\u00edc\u00ed bere na v\u011bdom\u00ed, \u017ee je povinen uhradit cenu zbo\u017e\u00ed; objedn\u00e1vka podan\u00e1 prost\u0159ednictv\u00edm tla\u010d\u00edtka \u201eObjednat a zaplatit\u201c p\u0159edstavuje n\u00e1vrh kupn\u00ed smlouvy s povinnost\u00ed platby.<\/li><\/ol><ol><li><strong> CENA ZBO\u017d\u00cd A PLATEBN\u00cd PODM\u00cdNKY<\/strong><\/li><\/ol><ol><li>Ceny zbo\u017e\u00ed jsou uvedeny jako kone\u010dn\u00e9, tj. v\u010detn\u011b v\u0161ech dan\u00ed a poplatk\u016f, je-li prod\u00e1vaj\u00edc\u00ed pl\u00e1tcem DPH. Nen\u00ed-li prod\u00e1vaj\u00edc\u00ed pl\u00e1tcem DPH, jsou ceny kone\u010dn\u00e9 bez dan\u011b z p\u0159idan\u00e9 hodnoty.<\/li><li>Kupn\u00ed cenu m\u016f\u017ee kupuj\u00edc\u00ed uhradit zejm\u00e9na:<ul><li>bezhotovostn\u00edm p\u0159evodem na \u00fa\u010det prod\u00e1vaj\u00edc\u00edho,<\/li><li>platebn\u00ed kartou prost\u0159ednictv\u00edm platebn\u00ed br\u00e1ny,<\/li><li>jin\u00fdmi zp\u016fsoby uveden\u00fdmi na webov\u00e9 str\u00e1nce.<\/li><\/ul><\/li><li>Platby kartou jsou zpracov\u00e1v\u00e1ny prost\u0159ednictv\u00edm zabezpe\u010den\u00e9 platebn\u00ed br\u00e1ny. Prod\u00e1vaj\u00edc\u00ed nep\u0159ich\u00e1z\u00ed do styku s \u00fadaji o platebn\u00ed kart\u011b kupuj\u00edc\u00edho.<\/li><li>Prod\u00e1vaj\u00edc\u00ed je opr\u00e1vn\u011bn po\u017eadovat \u00fahradu cel\u00e9 kupn\u00ed ceny p\u0159ed odesl\u00e1n\u00edm zbo\u017e\u00ed (\u00a7 2119 odst. 1 ob\u010dansk\u00e9ho z\u00e1kon\u00edku se nepou\u017eije).<\/li><li>Da\u0148ov\u00fd doklad \u2013 fakturu vystav\u00ed prod\u00e1vaj\u00edc\u00ed kupuj\u00edc\u00edmu po uhrazen\u00ed ceny a za\u0161le ji v elektronick\u00e9 podob\u011b.<\/li><li>Ve\u0161ker\u00e9 ceny z\u016fst\u00e1vaj\u00ed v platnosti po dobu, po kterou jsou uvedeny na webov\u00e9 str\u00e1nce. Prod\u00e1vaj\u00edc\u00ed si vyhrazuje pr\u00e1vo na zm\u011bnu cen, kter\u00e1 se v\u0161ak nevztahuje na ji\u017e uzav\u0159en\u00e9 smlouvy.<\/li><\/ol><ol><li><strong> DOD\u00c1N\u00cd ZBO\u017d\u00cd<\/strong><\/li><\/ol><ol><li>Prod\u00e1vaj\u00edc\u00ed doru\u010duje zbo\u017e\u00ed prost\u0159ednictv\u00edm dopravc\u016f v r\u00e1mci \u010cesk\u00e9 republiky a Evropsk\u00e9 unie.<\/li><li>N\u00e1klady na dopravu a p\u0159\u00edpadn\u00e9 dal\u0161\u00ed poplatky jsou uvedeny p\u0159i objedn\u00e1v\u00e1n\u00ed zbo\u017e\u00ed.<\/li><li>Kupuj\u00edc\u00ed je povinen zkontrolovat p\u0159i p\u0159evzet\u00ed neporu\u0161enost obalu zbo\u017e\u00ed. Zjist\u00ed-li z\u00e1vadu, je povinen o n\u00ed sepsat protokol s dopravcem a informovat prod\u00e1vaj\u00edc\u00edho.<\/li><li>Riziko \u0161kody na zbo\u017e\u00ed p\u0159ech\u00e1z\u00ed na kupuj\u00edc\u00edho okam\u017eikem p\u0159evzet\u00ed zbo\u017e\u00ed.<\/li><li>Zbo\u017e\u00ed s\u00a0ozna\u010den\u00edm \u201eskladem\u201c je obvykle odes\u00edl\u00e1no do 3 pracovn\u00edch dn\u016f od p\u0159ips\u00e1n\u00ed platby na \u00fa\u010det prod\u00e1vaj\u00edc\u00edho. Kupuj\u00edc\u00ed bude o odesl\u00e1n\u00ed informov\u00e1n e-mailem s \u010d\u00edslem z\u00e1silky.<\/li><li>Doru\u010dovac\u00ed lh\u016fty a n\u00e1klady se mohou li\u0161it podle c\u00edlov\u00e9 zem\u011b; jejich p\u0159esn\u00e1 v\u00fd\u0161e je uvedena p\u0159i dokon\u010den\u00ed objedn\u00e1vky.<\/li><\/ol><ol><li><strong> ODSTOUPEN\u00cd OD SMLOUVY<\/strong><\/li><\/ol><ol><li>Kupuj\u00edc\u00ed \u2013 spot\u0159ebitel m\u00e1 v souladu s \u00a7 1829 ob\u010dansk\u00e9ho z\u00e1kon\u00edku pr\u00e1vo odstoupit od kupn\u00ed smlouvy do 14 dn\u016f ode dne p\u0159evzet\u00ed zbo\u017e\u00ed. Kupuj\u00edc\u00ed m\u016f\u017ee zaslat ozn\u00e1men\u00ed od odstoupen\u00ed Prod\u00e1vaj\u00edc\u00edmu mimo jin\u00e9 na e-mailovou adresu <a href=\"mailto:info@rivuswatch.com\">info@rivuswatch.com<\/a> nebo vypln\u011bn\u00edm formul\u00e1\u0159e na webov\u00e9 str\u00e1nce Prod\u00e1vaj\u00edc\u00edho.<\/li><li>Kupuj\u00edc\u00ed nem\u016f\u017ee odstoupit v p\u0159\u00edpadech uveden\u00fdch v \u00a7 1837 ob\u010dansk\u00e9ho z\u00e1kon\u00edku, zejm\u00e9na u zbo\u017e\u00ed vyroben\u00e9ho podle po\u017eadavk\u016f kupuj\u00edc\u00edho nebo upraven\u00e9ho na m\u00edru.<\/li><li>Odstoup\u00ed-li kupuj\u00edc\u00ed od smlouvy, je povinen zaslat zbo\u017e\u00ed zp\u011bt prod\u00e1vaj\u00edc\u00edmu bez zbyte\u010dn\u00e9ho odkladu, nejpozd\u011bji do 14 dn\u016f od odstoupen\u00ed. N\u00e1klady spojen\u00e9 s vr\u00e1cen\u00edm nese kupuj\u00edc\u00ed. Pokud nen\u00ed uvedeno \u010di dohodnuto jinak, zbo\u017e\u00ed Kupuj\u00edc\u00ed za\u0161le zp\u011bt na adresu:<br \/><strong>Rivus watch s.r.o., P\u0159emyslovc\u016f 992\/52, 709 00 Ostrava, \u010cesk\u00e1 republika<\/strong><br \/>Zbo\u017e\u00ed doporu\u010dujeme zas\u00edlat jako poji\u0161t\u011bnou z\u00e1silku.<br \/>Kupuj\u00edc\u00ed odpov\u00edd\u00e1 za sn\u00ed\u017een\u00ed hodnoty zbo\u017e\u00ed vznikl\u00e9 v d\u016fsledku nakl\u00e1d\u00e1n\u00ed se zbo\u017e\u00edm jinak, ne\u017e je nutn\u00e9 pro sezn\u00e1men\u00ed se s jeho povahou a funkcemi (\u00a7 1833 OZ).<\/li><li>Prod\u00e1vaj\u00edc\u00ed vr\u00e1t\u00ed kupn\u00ed cenu nejpozd\u011bji do 14 dn\u016f od odstoupen\u00ed, a to zp\u016fsobem, jak\u00fdm byla p\u0159ijata. Prod\u00e1vaj\u00edc\u00ed nen\u00ed povinen vr\u00e1tit kupn\u00ed cenu d\u0159\u00edve, ne\u017e obdr\u017e\u00ed zbo\u017e\u00ed nebo d\u016fkaz o jeho odesl\u00e1n\u00ed.<\/li><\/ol><p><strong>VII. PR\u00c1VA Z VADN\u00c9HO PLN\u011aN\u00cd<\/strong><\/p><ol><li>Pr\u00e1va a povinnosti smluvn\u00edch stran ohledn\u011b pr\u00e1v z vadn\u00e9ho pln\u011bn\u00ed se \u0159\u00edd\u00ed \u00a7 1914 a\u017e 1925, \u00a7 2099 a\u017e 2117 a \u00a7 2161 a\u017e 2174b ob\u010dansk\u00e9ho z\u00e1kon\u00edku a z\u00e1konem \u010d. 634\/1992 Sb., o ochran\u011b spot\u0159ebitele.<\/li><li>Prod\u00e1vaj\u00edc\u00ed odpov\u00edd\u00e1, \u017ee zbo\u017e\u00ed p\u0159i p\u0159evzet\u00ed nem\u00e1 vady a odpov\u00edd\u00e1 sjednan\u00e9mu popisu, druhu a jakosti.<\/li><li>Kupuj\u00edc\u00ed je povinen uplatnit reklamaci bez zbyte\u010dn\u00e9ho odkladu po zji\u0161t\u011bn\u00ed vady.<br \/>Reklamaci lze uplatnit e-mailem nebo p\u00edsemn\u011b na adrese prod\u00e1vaj\u00edc\u00edho.<\/li><li>Z\u00e1ruka za jakost \u010din\u00ed 24 m\u011bs\u00edc\u016f, pokud nen\u00ed uvedeno jinak. Z\u00e1ruka se nevztahuje na b\u011b\u017en\u00e9 opot\u0159eben\u00ed, \u0159em\u00ednky, skl\u00ed\u010dka, baterie, ani na po\u0161kozen\u00ed nespr\u00e1vn\u00fdm zach\u00e1zen\u00edm, viz \u010d\u00e1st Vylou\u010den\u00ed ze z\u00e1ruky za jakost\u00a0\u00a0\u00a0\u00a0\u00a0\u00a0\u00a0\u00a0\u00a0\u00a0\u00a0 .<\/li><li>Prod\u00e1vaj\u00edc\u00ed nab\u00edz\u00ed \u0159emesln\u00e9 hodinky a jejich p\u0159\u00edslu\u0161enstv\u00ed, p\u0159i\u010dem\u017e n\u011bkter\u00e9 komponenty jsou vyr\u00e1b\u011bny ru\u010dn\u011b nebo z\u00a0p\u0159\u00edrodn\u00edch materi\u00e1l\u016f. U ru\u010dn\u011b vyr\u00e1b\u011bn\u00fdch produkt\u016f a mal\u00fdch s\u00e9ri\u00ed nejsou drobn\u00e9 vizu\u00e1ln\u00ed odchylky pova\u017eov\u00e1ny za vadu, pokud nebr\u00e1n\u00ed obvykl\u00e9mu u\u017e\u00edv\u00e1n\u00ed. To plat\u00ed tak\u00e9 pro drobn\u00e9 odchylky u pou\u017eit\u00ed p\u0159\u00edrodn\u00edch materi\u00e1l\u016f (k\u016f\u017ee, meteorit atd.).<\/li><li>Vylou\u010den\u00ed ze z\u00e1ruky za jakost<ol><li>Z\u00e1ruka za jakost se nevztahuje zejm\u00e9na na:<br \/>a) b\u011b\u017en\u00e9 opot\u0159eben\u00ed zbo\u017e\u00ed zp\u016fsoben\u00e9 jeho obvykl\u00fdm pou\u017e\u00edv\u00e1n\u00edm;<br \/>b) wear and tear of mechanical parts of the watch (especially the strap, clasp, glass, crown, surface finishes, electroplating, or PVD coating) caused by normal wear and tear;<br \/>c) vybit\u00ed nebo zkr\u00e1cen\u00ed \u017eivotnosti baterie u kvart\u00adzov\u00fdch model\u016f;<br \/>d) damage to goods caused by improper handling, unauthorized servicing, or modifications made by the buyer or a third party;<br \/>e) damage caused by falling, impact, exposure to extreme temperatures, magnetic fields, moisture, or chemicals;<br \/>f) water ingress into the watch contrary to the declared water resistance or manufacturer's recommendations (e.g., exposure to pressure beyond the WR xx m rating);<br \/>g) damage caused by failure to follow the instructions for use or general maintenance principles;<br \/>h) defects caused by improper or negligent handling, unprofessional storage or cleaning;<br \/>i) minor visual deviations or irregularities resulting from manual production or the natural properties of the material, which do not affect the functionality of the product;<br \/>j) defects caused by force majeure (e.g., natural disasters, fire, falling objects).<\/li><li>U veter\u00e1nsk\u00fdch nebo ru\u010dn\u011b vyr\u00e1b\u011bn\u00fdch model\u016f m\u016f\u017ee b\u00fdt z\u00e1ruka omezena pouze na ur\u010dit\u00e9 komponenty, o \u010dem\u017e je kupuj\u00edc\u00ed p\u0159edem informov\u00e1n.<\/li><li>Z\u00e1ruka se rovn\u011b\u017e nevztahuje na zbo\u017e\u00ed, kter\u00e9 bylo pou\u017e\u00edv\u00e1no v rozporu s \u00fa\u010delem, pro kter\u00fd bylo ur\u010deno.<\/li><\/ol><\/li><\/ol><p><strong>VIII. SERVIS HODINEK PO Z\u00c1RUCE<\/strong><\/p><ol><li>Servis po uplynut\u00ed z\u00e1ru\u010dn\u00ed doby se poskytuje na z\u00e1klad\u011b dohody a p\u0159edb\u011b\u017en\u00e9 cenov\u00e9 nab\u00eddky. Kupuj\u00edc\u00ed m\u016f\u017ee kontaktovat Prod\u00e1vaj\u00edc\u00edho na e-mailov\u00e9 adrese nebo telefonn\u00edm \u010d\u00edsle uveden\u00fdch na webov\u00fdch str\u00e1nk\u00e1ch.<\/li><li>U vintage a vodot\u011bsn\u00fdch model\u016f nemus\u00ed b\u00fdt po servisu zachov\u00e1na p\u016fvodn\u00ed vodot\u011bsnost; z\u00e1kazn\u00edk bude o tomto omezen\u00ed informov\u00e1n p\u0159edem.<\/li><li>Na opravy a v\u00fdm\u011bny proveden\u00e9 po z\u00e1ruce se poskytuje z\u00e1ruka 6 m\u011bs\u00edc\u016f, pokud nen\u00ed uvedeno jinak.<\/li><\/ol><ol><li><strong> OCHRANA OSOBN\u00cdCH \u00daDAJ\u016e<\/strong><\/li><\/ol><p>Zpracov\u00e1n\u00ed osobn\u00edch \u00fadaj\u016f upravuj\u00ed samostatn\u00e9 <strong>Informace o ochran\u011b osobn\u00edch \u00fadaj\u016f<\/strong> vydan\u00e9 prod\u00e1vaj\u00edc\u00edm v souladu s na\u0159\u00edzen\u00edm (EU) 2016\/679 (GDPR).<\/p><ol><li><strong> MIMOSOUDN\u00cd \u0158E\u0160EN\u00cd SPOR\u016e<\/strong><\/li><\/ol><p>Kupuj\u00edc\u00ed m\u00e1 pr\u00e1vo obr\u00e1tit se na <strong>\u010ceskou obchodn\u00ed inspekci<\/strong> (<a href=\"http:\/\/www.coi.cz\" target=\"_blank\" rel=\"noopener\">www.coi.cz<\/a>), v\u00a0dob\u011b vyd\u00e1n\u00ed t\u011bchto Obchodn\u00edch podm\u00ednek:<\/p><p>\u010cesk\u00e1 obchodn\u00ed inspekce, \u00dast\u0159edn\u00ed inspektor\u00e1t \u2013 odd\u011blen\u00ed ADR<br \/>\u0160t\u011bp\u00e1nsk\u00e1 15, 120 00 Praha 2, e-mail: adr@coi.cz, web: <a href=\"https:\/\/www.coi.cz\" target=\"_blank\" rel=\"noopener\">www.coi.cz<\/a>. nebo<\/p><p>vyu\u017e\u00edt platformu <strong>ODR<\/strong> Evropsk\u00e9 komise (ec.europa.eu\/consumers\/odr).<\/p><ol><li><strong> Z\u00c1V\u011aRE\u010cN\u00c1 USTANOVEN\u00cd<\/strong><\/li><\/ol><ol><li>Kupn\u00ed smlouva a tyto obchodn\u00ed podm\u00ednky se \u0159\u00edd\u00ed pr\u00e1vem \u010cesk\u00e9 republiky.<\/li><li>Tyto obchodn\u00ed podm\u00ednky tvo\u0159\u00ed ned\u00edlnou sou\u010d\u00e1st kupn\u00ed smlouvy.<br \/>Informace o uzav\u0159en\u00e9 smlouv\u011b jsou uchov\u00e1v\u00e1ny po dobu nezbytnou pro jej\u00ed pln\u011bn\u00ed a d\u00e1le v souladu s pr\u00e1vn\u00edmi p\u0159edpisy o \u00fa\u010detnictv\u00ed a archivaci.<\/li><li>Je-li n\u011bkter\u00e9 ustanoven\u00ed neplatn\u00e9, z\u016fst\u00e1vaj\u00ed ostatn\u00ed ustanoven\u00ed platn\u00e1.<\/li><li>Tyto obchodn\u00ed podm\u00ednky nab\u00fdvaj\u00ed \u00fa\u010dinnosti dne <strong>1. listopadu 2025<\/strong>.<\/li><li>V p\u0159\u00edpad\u011b rozporu mezi \u010desk\u00fdm a anglick\u00fdm zn\u011bn\u00edm je rozhoduj\u00edc\u00ed <strong>\u010desk\u00e1 verze<\/strong>.<\/li><\/ol><p>\u00a0<\/p>\n\t\t\t\t\t<\/div>\n\t\t\t\t\t\t<\/div>\n\t\t\t\t<\/div>\n\t\t\t\t\t<\/div>\n\t\t\t\t<\/div>\n\t\t\t\t<\/div>","protected":false},"excerpt":{"rendered":"<p>\ud83c\udde8\ud83c\uddff **V\u0160EOBECN\u00c9 OBCHODN\u00cd PODM\u00cdNKY spole\u010dnosti Rivus watch s.r.o.,(\u00fa\u010dinn\u00e9 od 1. listopadu 2025) \u00daVODN\u00cd USTANOVEN\u00cd Tyto v\u0161eobecn\u00e9 obchodn\u00ed podm\u00ednky (d\u00e1le jen<\/p>","protected":false},"author":1,"featured_media":0,"parent":0,"menu_order":0,"comment_status":"closed","ping_status":"closed","template":"","meta":{"footnotes":""},"class_list":["post-29163","page","type-page","status-publish","hentry"],"_links":{"self":[{"href":"https:\/\/rivuswatch.com\/en\/wp-json\/wp\/v2\/pages\/29163","targetHints":{"allow":["GET"]}}],"collection":[{"href":"https:\/\/rivuswatch.com\/en\/wp-json\/wp\/v2\/pages"}],"about":[{"href":"https:\/\/rivuswatch.com\/en\/wp-json\/wp\/v2\/types\/page"}],"author":[{"embeddable":true,"href":"https:\/\/rivuswatch.com\/en\/wp-json\/wp\/v2\/users\/1"}],"replies":[{"embeddable":true,"href":"https:\/\/rivuswatch.com\/en\/wp-json\/wp\/v2\/comments?post=29163"}],"version-history":[{"count":4,"href":"https:\/\/rivuswatch.com\/en\/wp-json\/wp\/v2\/pages\/29163\/revisions"}],"predecessor-version":[{"id":29168,"href":"https:\/\/rivuswatch.com\/en\/wp-json\/wp\/v2\/pages\/29163\/revisions\/29168"}],"wp:attachment":[{"href":"https:\/\/rivuswatch.com\/en\/wp-json\/wp\/v2\/media?parent=29163"}],"curies":[{"name":"wp","href":"https:\/\/api.w.org\/{rel}","templated":true}]}}