{"id":29478,"date":"2025-11-20T20:44:36","date_gmt":"2025-11-20T19:44:36","guid":{"rendered":"https:\/\/rivuswatch.com\/?post_type=product&#038;p=29478"},"modified":"2026-02-03T10:35:17","modified_gmt":"2026-02-03T09:35:17","slug":"essence-matte-gold-yellow","status":"publish","type":"product","link":"https:\/\/rivuswatch.com\/en\/product\/essence-matte-gold-yellow\/","title":{"rendered":"Essence Matte Gold Yellow"},"content":{"rendered":"<p data-start=\"216\" data-end=\"485\">The Essence Matte Gold Yellow watch combines elegance and fresh energy. Its dial, made from Muonionalusta meteorite, reveals the delicate structure of time, which cannot be imitated. Gold indices and hands ensure excellent clarity and add a luminous accent to the whole.<\/p>\n<p data-start=\"487\" data-end=\"618\">T\u011blo hodinek je v matn\u00e9m proveden\u00ed, kter\u00e9 p\u016fsob\u00ed exkluzivn\u011b a nech\u00e1v\u00e1 vyniknout jak meteoritu, tak precizn\u00edm zlat\u00fdm detail\u016fm. Uvnit\u0159 t\u011bla pracuje automatick\u00fd \u0161v\u00fdcarsk\u00fd strojek, zat\u00edmco \u017elut\u00fd ko\u017een\u00fd p\u00e1sek dod\u00e1v\u00e1 modelu lehkost a optimismus.<\/p>\n<p data-start=\"487\" data-end=\"618\"><br data-start=\"736\" data-end=\"739\" \/>These luxury watches combine classic watchmaking with a modern look and positive energy.<\/p>\n<h4>Key features:<\/h4>\n<ul>\n<li>Matte finish of the watch case<\/li>\n<li>Dial made from Muonionalusta meteorite \u2013 each piece is unique<\/li>\n<li>Automatic Swiss movement<\/li>\n<li>Hand-stitched leather belt in mustard yellow<\/li>\n<li>Handmade in Czechia<\/li>\n<li>Elegant design with gold indices, hands, and crown<\/li>\n<\/ul>\n<h5><strong>For individual adjustments (indexes, straps), please contact us at\u00a0<a href=\"mailto:info@rivuswatch.com\">info@rivuswatch.com<\/a>.<\/strong><\/h5>","protected":false},"excerpt":{"rendered":"<p class=\"translation-block\">The Matte Essence Gold Yellow watch combines light and energy in a clean design. The Muonionalusta meteorite dial, complemented by gold details and a yellow leather strap, has an optimistic and modern look. The watch body has a matte finish, which gives it an exclusive look and allows both the meteorite and the precise gold details to stand out.<\/p>","protected":false},"featured_media":29687,"template":"","meta":[],"product_brand":[],"product_cat":[21,23],"product_tag":[93,92],"class_list":{"0":"post-29478","1":"product","2":"type-product","3":"status-publish","4":"has-post-thumbnail","6":"product_cat-hodinky","7":"product_cat-essence-gold","8":"product_tag-handmade","9":"product_tag-made-in-czechia","11":"first","12":"onbackorder","13":"shipping-taxable","14":"purchasable","15":"product-type-simple"},"_links":{"self":[{"href":"https:\/\/rivuswatch.com\/en\/wp-json\/wp\/v2\/product\/29478","targetHints":{"allow":["GET"]}}],"collection":[{"href":"https:\/\/rivuswatch.com\/en\/wp-json\/wp\/v2\/product"}],"about":[{"href":"https:\/\/rivuswatch.com\/en\/wp-json\/wp\/v2\/types\/product"}],"version-history":[{"count":5,"href":"https:\/\/rivuswatch.com\/en\/wp-json\/wp\/v2\/product\/29478\/revisions"}],"predecessor-version":[{"id":29648,"href":"https:\/\/rivuswatch.com\/en\/wp-json\/wp\/v2\/product\/29478\/revisions\/29648"}],"wp:featuredmedia":[{"embeddable":true,"href":"https:\/\/rivuswatch.com\/en\/wp-json\/wp\/v2\/media\/29687"}],"wp:attachment":[{"href":"https:\/\/rivuswatch.com\/en\/wp-json\/wp\/v2\/media?parent=29478"}],"wp:term":[{"taxonomy":"product_brand","embeddable":true,"href":"https:\/\/rivuswatch.com\/en\/wp-json\/wp\/v2\/product_brand?post=29478"},{"taxonomy":"product_cat","embeddable":true,"href":"https:\/\/rivuswatch.com\/en\/wp-json\/wp\/v2\/product_cat?post=29478"},{"taxonomy":"product_tag","embeddable":true,"href":"https:\/\/rivuswatch.com\/en\/wp-json\/wp\/v2\/product_tag?post=29478"}],"curies":[{"name":"wp","href":"https:\/\/api.w.org\/{rel}","templated":true}]}}